{"id":391,"date":"2025-09-23T18:37:44","date_gmt":"2025-09-23T17:37:44","guid":{"rendered":"https:\/\/eqinutrition.com\/?page_id=391"},"modified":"2025-10-02T15:15:24","modified_gmt":"2025-10-02T14:15:24","slug":"a-propos","status":"publish","type":"page","link":"https:\/\/eqinutrition.com\/?page_id=391","title":{"rendered":"A propos"},"content":{"rendered":"\n<div class=\"wp-block-group is-layout-constrained wp-container-core-group-is-layout-54a36844 wp-block-group-is-layout-constrained\" style=\"border-style:none;border-width:0px;border-radius:0px;min-height:0px;margin-top:0;margin-bottom:0px\">\n<div class=\"wp-block-columns are-vertically-aligned-center has-normal-font-size is-layout-flex wp-container-core-columns-is-layout-3c425445 wp-block-columns-is-layout-flex\" style=\"border-style:none;border-width:0px;border-radius:0px;margin-top:0;margin-bottom:0;padding-right:0;padding-left:0\">\n<div class=\"wp-block-column is-vertically-aligned-center is-layout-flow wp-block-column-is-layout-flow\">\n<p style=\"text-transform:none\">Passionn\u00e9e de chevaux depuis toujours, cavali\u00e8re d\u2019ext\u00e9rieur et de dressage, je g\u00e8re mes deux juments en autogestion depuis 15 ans. Ma premi\u00e8re jument, en hommage \u00e0 mon grand-p\u00e8re, fut ma premi\u00e8re professeure, et avec la seconde, que j\u2019ai d\u00e9bourr\u00e9e, nous suivons le programme \u00c9volution de Pierre Beaup\u00e8re.<\/p>\n\n\n\n<p style=\"text-transform:none\">Dipl\u00f4m\u00e9e en di\u00e9t\u00e9tique humaine, j\u2019ai transpos\u00e9 mon expertise \u00e0 la nutrition \u00e9quine, me formant en agronomie en France, en nutrition \u00e9quine \u00e0 l\u2019Universit\u00e9 Laval (Canada), et en micronutrition au Maroc (DU Europ\u00e9en). J\u2019ai particip\u00e9 \u00e0 une \u00e9tude v\u00e9t\u00e9rinaire sur les ulc\u00e8res gastriques et d\u00e9velopp\u00e9 un outil de sensibilisation \u00e0 cette pathologie.<\/p>\n\n\n\n<p style=\"text-transform:none\">Avec Eqinutrition, je combine \u00e9coute, rigueur scientifique et pragmatisme pour proposer des solutions personnalis\u00e9es et concr\u00e8tes, visant l\u2019\u00e9quilibre alimentaire et le bien-\u00eatre des chevaux, athl\u00e8tes ou compagnons de pr\u00e9. Je d\u00e9veloppe actuellement un outil de pes\u00e9e, membre du p\u00f4le Hippolia, et valorise le travail collaboratif avec v\u00e9t\u00e9rinaires et professionnels de sant\u00e9 \u00e9quine.<\/p>\n<\/div>\n\n\n\n<div class=\"wp-block-column is-vertically-aligned-center is-layout-flow wp-container-core-column-is-layout-98cf6c64 wp-block-column-is-layout-flow\" style=\"border-style:none;border-width:0px;border-radius:0px;padding-top:150px;padding-right:0px;padding-bottom:150px;padding-left:0px\">\n<figure class=\"wp-block-image size-full has-custom-border is-style-default wp-duotone-unset-1\" style=\"margin-top:0;margin-right:0;margin-bottom:0;margin-left:0\"><img loading=\"lazy\" decoding=\"async\" width=\"1512\" height=\"2016\" src=\"https:\/\/eqinutrition.com\/wp-content\/uploads\/2025\/10\/IMG_2296.jpg\" alt=\"\" class=\"wp-image-529\" style=\"border-style:none;border-width:0px;border-radius:0px\" srcset=\"https:\/\/eqinutrition.com\/wp-content\/uploads\/2025\/10\/IMG_2296.jpg 1512w, https:\/\/eqinutrition.com\/wp-content\/uploads\/2025\/10\/IMG_2296-225x300.jpg 225w, https:\/\/eqinutrition.com\/wp-content\/uploads\/2025\/10\/IMG_2296-768x1024.jpg 768w, https:\/\/eqinutrition.com\/wp-content\/uploads\/2025\/10\/IMG_2296-1152x1536.jpg 1152w\" sizes=\"auto, (max-width: 1512px) 100vw, 1512px\" \/><\/figure>\n<\/div>\n<\/div>\n<\/div>\n\n\n\n<h2 class=\"wp-block-heading has-text-align-center\" style=\"font-style:normal;font-weight:700;line-height:2;text-transform:uppercase\">Parcours (dipl\u00f4mes)<\/h2>\n\n\n\n<div class=\"wp-block-group is-nowrap is-layout-flex wp-container-core-group-is-layout-6c531013 wp-block-group-is-layout-flex\">\n<div id=\"wp-block-themeisle-blocks-timeline-ad85c3cb\" class=\"wp-block-themeisle-blocks-timeline\"><div class=\"o-timeline-root\">\n<div id=\"wp-block-themeisle-blocks-timeline-item-d97e16a0\" class=\"wp-block-themeisle-blocks-timeline-item\"><div class=\"o-timeline-container\"><div class=\"o-timeline-icon\"><i class=\"fas fa-circle\"><\/i><\/div><div class=\"o-timeline-content\">\n<p class=\"has-small-font-size\">2021<\/p>\n\n\n\n<h4 class=\"wp-block-heading\">DIPL\u00d4ME UNIVERSITAIRE MICRONUTRITION<\/h4>\n\n\n\n<p style=\"text-transform:none\">IEDM Institut Europ\u00e9en de Di\u00e9t\u00e9tique et Micronutrition et Universit\u00e9 UM6SS Casablanca, Dr Chos, m\u00e9moire en bin\u00f4me avec le v\u00e9t\u00e9rinaire Dr. Regragui sur la gestion micronutritionnelle du couple athl\u00e8te cheval cavalier.<\/p>\n<\/div><\/div><\/div>\n\n\n\n<div id=\"wp-block-themeisle-blocks-timeline-item-897425a7\" class=\"wp-block-themeisle-blocks-timeline-item\"><div class=\"o-timeline-container\"><div class=\"o-timeline-icon\"><i class=\"fas fa-circle\"><\/i><\/div><div class=\"o-timeline-content\">\n<p class=\"has-small-font-size\">2020<\/p>\n\n\n\n<h4 class=\"wp-block-heading\">CONSEILL\u00c8RE AGRONOME<\/h4>\n\n\n\n<p style=\"text-transform:none\">Universit\u00e9 Grenoble Alpes, m\u00e9moire : la gestion nutritionnelle et agro\u00e9cologique du syndrome des ulc\u00e8res gastriques \u00e9quins<\/p>\n<\/div><\/div><\/div>\n\n\n\n<div id=\"wp-block-themeisle-blocks-timeline-item-38129770\" class=\"wp-block-themeisle-blocks-timeline-item\"><div class=\"o-timeline-container\"><div class=\"o-timeline-icon\"><i class=\"fas fa-circle\"><\/i><\/div><div class=\"o-timeline-content\">\n<p class=\"has-small-font-size\">2019<\/p>\n\n\n\n<h4 class=\"wp-block-heading\">MODULE UNIVERSITAIRE NUTRITION ET ALIMENTATION \u00c9QUINE<\/h4>\n\n\n\n<p style=\"text-transform:none\">Universit\u00e9 Laval, Dr Cinq Mars<\/p>\n<\/div><\/div><\/div>\n\n\n\n<div id=\"wp-block-themeisle-blocks-timeline-item-2f9ceb4e\" class=\"wp-block-themeisle-blocks-timeline-item\"><div class=\"o-timeline-container\"><div class=\"o-timeline-icon\"><i class=\"fas fa-circle\"><\/i><\/div><div class=\"o-timeline-content\">\n<p class=\"has-small-font-size\">2017<\/p>\n\n\n\n<h4 class=\"wp-block-heading\" style=\"text-transform:none\">DI\u00c9T\u00c9TICIENNE NUTRITIONNISTE<\/h4>\n\n\n\n<p style=\"text-transform:none\">Conducted comprehensive market analysis to refine our product features and target audience strategy.<\/p>\n<\/div><\/div><\/div>\n\n\n\n<div id=\"wp-block-themeisle-blocks-timeline-item-65399bdf\" class=\"wp-block-themeisle-blocks-timeline-item\"><div class=\"o-timeline-container\"><div class=\"o-timeline-icon\"><i class=\"fas fa-circle\"><\/i><\/div><div class=\"o-timeline-content\">\n<p class=\"has-small-font-size\">Autre<\/p>\n\n\n\n<h4 class=\"wp-block-heading\">Galop 7 &#8211; s\u00e9minaires &#8211; propri\u00e9taire<\/h4>\n\n\n\n<p style=\"text-transform:none\">nombreux s\u00e9minaires de m\u00e9thodes bas\u00e9es sur l\u2019\u00e9thologie \/ propri\u00e9taire en auto gestion depuis 2010<\/p>\n<\/div><\/div><\/div>\n<\/div><\/div>\n<\/div>\n\n\n\n<div class=\"wp-block-columns is-layout-flex wp-container-core-columns-is-layout-28f84493 wp-block-columns-is-layout-flex\">\n<div class=\"wp-block-column is-layout-flow wp-block-column-is-layout-flow\" style=\"flex-basis:100%\">\n<h2 class=\"wp-block-heading has-text-align-center\">MON FONCTIONNEMENT<\/h2>\n\n\n\n<p style=\"text-transform:none\"><strong>Approche multidimensionnelle :&nbsp;<\/strong>Ma force est d\u2019avoir une approche transversale, je confronte la science et l\u2019exp\u00e9rience de terrain, en croisant plusieurs sources et points de vue pour une vision plus juste qui conduit \u00e0 de meilleurs r\u00e9sultats et proposer des recommandations plus fiables. Gr\u00e2ce \u00e0 cette approche, je transforme la complexit\u00e9 des informations en solutions claires et concr\u00e8tes.<\/p>\n\n\n\n<p style=\"text-transform:none\"><strong>\u00c9coute et non-jugement<\/strong>&nbsp;:&nbsp;\u00c9coute, bienveillance et confidentialit\u00e9 : comprendre votre situation, votre r\u00e9alit\u00e9, sans jugement est au c\u0153ur de mon accompagnement.&nbsp; Toutes les informations partag\u00e9es sont recueillies dans le respect du secret professionnel.<\/p>\n\n\n\n<p style=\"text-transform:none\"><strong>Transmission et p\u00e9dagogie<\/strong>&nbsp;: je suis convaincue que la r\u00e9ussite passe par la compr\u00e9hension. Mon r\u00f4le est de partager mon savoir pour que vous deveniez acteur des choix nutritionnels. J\u2019utilise les m\u00eames m\u00e9thodes que l\u2019\u00e9ducation th\u00e9rapeutique du patient (ETP).<\/p>\n\n\n\n<p style=\"text-transform:none\"><strong>Approche globale<\/strong>&nbsp;: l\u2019alimentation ne se r\u00e9sume pas \u00e0 des calculs. Elle doit int\u00e9grer la physiologie du cheval, son bien-\u00eatre, son environnement et votre r\u00e9alit\u00e9.<\/p>\n\n\n\n<p style=\"text-transform:none\"><strong>Pragmatisme et r\u00e9alisme<\/strong>&nbsp;: je privil\u00e9gie des solutions applicables et adapt\u00e9es \u00e0 votre quotidien, plut\u00f4t qu\u2019un protocole parfait et irr\u00e9alisable.<\/p>\n\n\n\n<p style=\"text-transform:none\"><strong>\u00c9quilibre et adaptation<\/strong>&nbsp;: la nutrition, c\u2019est l\u2019art du compromis. Je vous accompagne pour trouver le meilleur \u00e9quilibre possible, en sachant que les besoins et les contextes \u00e9voluent.<\/p>\n\n\n\n<p style=\"text-transform:none\"><strong>Nutrition humaine<\/strong>&nbsp;: aujourd\u2019hui, je me consacre uniquement \u00e0 la nutrition des chevaux, mais avec le projet futur de proposer un accompagnement Micro nutritionnel pour les cavaliers et gardiens.<\/p>\n<\/div>\n<\/div>\n","protected":false},"excerpt":{"rendered":"<p>Passionn\u00e9e de chevaux depuis toujours, cavali\u00e8re d\u2019ext\u00e9rieur et de dressage, je g\u00e8re mes deux juments en autogestion depuis 15 ans. Ma premi\u00e8re jument, en hommage \u00e0 mon grand-p\u00e8re, fut ma premi\u00e8re professeure, et avec la seconde, que j\u2019ai d\u00e9bourr\u00e9e, nous suivons le programme \u00c9volution de Pierre Beaup\u00e8re. Dipl\u00f4m\u00e9e en di\u00e9t\u00e9tique humaine, j\u2019ai transpos\u00e9 mon expertise [&hellip;]<\/p>\n","protected":false},"author":1,"featured_media":529,"parent":0,"menu_order":1,"comment_status":"closed","ping_status":"closed","template":"","meta":{"_themeisle_gutenberg_block_has_review":false,"footnotes":""},"class_list":["post-391","page","type-page","status-publish","has-post-thumbnail","hentry"],"_links":{"self":[{"href":"https:\/\/eqinutrition.com\/index.php?rest_route=\/wp\/v2\/pages\/391","targetHints":{"allow":["GET"]}}],"collection":[{"href":"https:\/\/eqinutrition.com\/index.php?rest_route=\/wp\/v2\/pages"}],"about":[{"href":"https:\/\/eqinutrition.com\/index.php?rest_route=\/wp\/v2\/types\/page"}],"author":[{"embeddable":true,"href":"https:\/\/eqinutrition.com\/index.php?rest_route=\/wp\/v2\/users\/1"}],"replies":[{"embeddable":true,"href":"https:\/\/eqinutrition.com\/index.php?rest_route=%2Fwp%2Fv2%2Fcomments&post=391"}],"version-history":[{"count":10,"href":"https:\/\/eqinutrition.com\/index.php?rest_route=\/wp\/v2\/pages\/391\/revisions"}],"predecessor-version":[{"id":531,"href":"https:\/\/eqinutrition.com\/index.php?rest_route=\/wp\/v2\/pages\/391\/revisions\/531"}],"wp:featuredmedia":[{"embeddable":true,"href":"https:\/\/eqinutrition.com\/index.php?rest_route=\/wp\/v2\/media\/529"}],"wp:attachment":[{"href":"https:\/\/eqinutrition.com\/index.php?rest_route=%2Fwp%2Fv2%2Fmedia&parent=391"}],"curies":[{"name":"wp","href":"https:\/\/api.w.org\/{rel}","templated":true}]}}